{"id":17435,"date":"2025-02-09T11:00:40","date_gmt":"2025-02-09T10:00:40","guid":{"rendered":"https:\/\/bribos.nl\/?page_id=17435"},"modified":"2025-12-10T22:38:17","modified_gmt":"2025-12-10T21:38:17","slug":"het-ontstaan","status":"publish","type":"page","link":"https:\/\/bribos.nl\/nl_nl\/het-ontstaan\/","title":{"rendered":"Het ontstaan"},"content":{"rendered":"\n<div class=\"wp-block-uagb-container uagb-block-9f04cb6c spectra-gbs-page-title1739083335426 alignfull uagb-is-root-container\"><div class=\"uagb-container-inner-blocks-wrap\">\n<div class=\"wp-block-uagb-advanced-heading uagb-block-8eacf319\"><h1 class=\"uagb-heading-text\">Het ontstaan<\/h1><\/div>\n<\/div><\/div>\n\n\n\n<div class=\"wp-block-group alignwide is-content-justification-left is-layout-constrained wp-container-core-group-is-layout-12dd3699 wp-block-group-is-layout-constrained\">\n<div class=\"wp-block-uagb-advanced-heading uagb-block-f24d4006\"><h2 class=\"uagb-heading-text\"><strong>Het ontstaan van<\/strong>&nbsp;<strong>BriBos Verwentasjes<\/strong><\/h2><\/div>\n\n\n\n<p>De&nbsp;<strong>Stichting BriBos<\/strong>&nbsp;is een initiatief van Brigitte Bosman. In 2003 werd er bij haar, na een hartinfarct, ontdekt dat ze longkanker (klein-cellig) had.<br>De prognose was helaas&nbsp;slecht.<\/p>\n\n\n\n<figure data-wp-context=\"{&quot;imageId&quot;:&quot;6a094dfa7854d&quot;}\" data-wp-interactive=\"core\/image\" data-wp-key=\"6a094dfa7854d\" class=\"wp-block-image alignleft size-full is-resized wp-lightbox-container\"><img loading=\"lazy\" decoding=\"async\" width=\"450\" height=\"600\" data-wp-class--hide=\"state.isContentHidden\" data-wp-class--show=\"state.isContentVisible\" data-wp-init=\"callbacks.setButtonStyles\" data-wp-on--click=\"actions.showLightbox\" data-wp-on--load=\"callbacks.setButtonStyles\" data-wp-on-window--resize=\"callbacks.setButtonStyles\" src=\"https:\/\/bribos.nl\/wp-content\/uploads\/2025\/02\/hetontstaan1.webp\" alt=\"\" class=\"wp-image-17436\" style=\"width:298px;height:auto\" srcset=\"https:\/\/bribos.nl\/wp-content\/uploads\/2025\/02\/hetontstaan1.webp 450w, https:\/\/bribos.nl\/wp-content\/uploads\/2025\/02\/hetontstaan1-225x300.webp 225w\" sizes=\"auto, (max-width: 450px) 100vw, 450px\" \/><button\n\t\t\tclass=\"lightbox-trigger\"\n\t\t\ttype=\"button\"\n\t\t\taria-haspopup=\"dialog\"\n\t\t\taria-label=\"Vergroten\"\n\t\t\tdata-wp-init=\"callbacks.initTriggerButton\"\n\t\t\tdata-wp-on--click=\"actions.showLightbox\"\n\t\t\tdata-wp-style--right=\"state.imageButtonRight\"\n\t\t\tdata-wp-style--top=\"state.imageButtonTop\"\n\t\t>\n\t\t\t<svg xmlns=\"http:\/\/www.w3.org\/2000\/svg\" width=\"12\" height=\"12\" fill=\"none\" viewBox=\"0 0 12 12\">\n\t\t\t\t<path fill=\"#fff\" d=\"M2 0a2 2 0 0 0-2 2v2h1.5V2a.5.5 0 0 1 .5-.5h2V0H2Zm2 10.5H2a.5.5 0 0 1-.5-.5V8H0v2a2 2 0 0 0 2 2h2v-1.5ZM8 12v-1.5h2a.5.5 0 0 0 .5-.5V8H12v2a2 2 0 0 1-2 2H8Zm2-12a2 2 0 0 1 2 2v2h-1.5V2a.5.5 0 0 0-.5-.5H8V0h2Z\" \/>\n\t\t\t<\/svg>\n\t\t<\/button><\/figure>\n\n\n\n<p>Voor Brigitte stond de wereld stil terwijl iedereen om haar heen doorleefde.<br>Een periode waarin ze op zoek ging naar informatie over haar ziekte. Juist in de eerste maanden na de diagnose wil je weten wat je mogelijkheden zijn.<br>Brigitte zocht vooral op internet. Daar is veel informatie te vinden. Alleen is het moeilijk te bepalen of die informatie klopt met de werkelijkheid en dus betrouwbaar is.<br>Op een gegeven moment zag ze door de bomen het bos niet meer en de folders in de wachtkamer bij de longarts raakte ze niet aan.<br>\u201cAls je in een wachtkamer folders pakt dan kijkt iedereen je aan, dat voelt heel ongemakkelijk\u201d, aldus Brigitte.<\/p>\n\n\n\n<figure data-wp-context=\"{&quot;imageId&quot;:&quot;6a094dfa78d69&quot;}\" data-wp-interactive=\"core\/image\" data-wp-key=\"6a094dfa78d69\" class=\"wp-block-image alignright size-full is-resized wp-lightbox-container\"><img loading=\"lazy\" decoding=\"async\" width=\"338\" height=\"600\" data-wp-class--hide=\"state.isContentHidden\" data-wp-class--show=\"state.isContentVisible\" data-wp-init=\"callbacks.setButtonStyles\" data-wp-on--click=\"actions.showLightbox\" data-wp-on--load=\"callbacks.setButtonStyles\" data-wp-on-window--resize=\"callbacks.setButtonStyles\" src=\"https:\/\/bribos.nl\/wp-content\/uploads\/2025\/02\/hetontstaan2.webp\" alt=\"\" class=\"wp-image-17437\" style=\"width:375px;height:auto\" srcset=\"https:\/\/bribos.nl\/wp-content\/uploads\/2025\/02\/hetontstaan2.webp 338w, https:\/\/bribos.nl\/wp-content\/uploads\/2025\/02\/hetontstaan2-169x300.webp 169w\" sizes=\"auto, (max-width: 338px) 100vw, 338px\" \/><button\n\t\t\tclass=\"lightbox-trigger\"\n\t\t\ttype=\"button\"\n\t\t\taria-haspopup=\"dialog\"\n\t\t\taria-label=\"Vergroten\"\n\t\t\tdata-wp-init=\"callbacks.initTriggerButton\"\n\t\t\tdata-wp-on--click=\"actions.showLightbox\"\n\t\t\tdata-wp-style--right=\"state.imageButtonRight\"\n\t\t\tdata-wp-style--top=\"state.imageButtonTop\"\n\t\t>\n\t\t\t<svg xmlns=\"http:\/\/www.w3.org\/2000\/svg\" width=\"12\" height=\"12\" fill=\"none\" viewBox=\"0 0 12 12\">\n\t\t\t\t<path fill=\"#fff\" d=\"M2 0a2 2 0 0 0-2 2v2h1.5V2a.5.5 0 0 1 .5-.5h2V0H2Zm2 10.5H2a.5.5 0 0 1-.5-.5V8H0v2a2 2 0 0 0 2 2h2v-1.5ZM8 12v-1.5h2a.5.5 0 0 0 .5-.5V8H12v2a2 2 0 0 1-2 2H8Zm2-12a2 2 0 0 1 2 2v2h-1.5V2a.5.5 0 0 0-.5-.5H8V0h2Z\" \/>\n\t\t\t<\/svg>\n\t\t<\/button><\/figure>\n\n\n\n<p>Brigitte is zich gaan inzetten als vrijwilligster in het&nbsp;HMC Westeinde ziekenhuis in&nbsp;Den Haag, voor Longkanker Nederland en diverse andere organisaties. Zij heeft ook geholpen bij het opzetten van een website die duidelijke en juiste informatie over kanker geeft. Namelijk het steeds bekendere&nbsp;Kanker.nl.<br>Heden (2015),&nbsp; ruim 12 jaar na haar diagnose, is het voor Brigitte duidelijk wat ze gemist heeft in die eerste periode van haar ziekte.<br>Een luisterend oor, goede informatie en contact met lotgenoten die hun ervaringen wilden delen. Omdat zij dit nog steeds niet op \u00e9\u00e9n plek kon vinden, is Brigitte zelf die plek gaan cre\u00ebren (in het HMC Westeinde ziekenhuis, Den Haag).<br>Zij ging een paar tasjes met specifieke informatie over kanker uitdelen op de oncologie-afdeling en deed daarbij een aardigheidje\/verwenmomentje. Dit werd zo goed ontvangen door zowel pati\u00ebnten als artsen en verpleegkundigen dat al gauw een paar tasjes niet voldoende waren.<\/p>\n\n\n\n<p>Zij vroeg via Facebook of mensen monstertjes hadden voor in de tasjes maar al gauw doneerden ook bedrijven artikelen voor in de tasjes en werden er ook blauwe en roze tasjes gedoneerd.<br>Het initiatief is uitgemond in de oprichting van, formeel,&nbsp;de Stichting BriBos Verwentasjes \u2013 kortweg&nbsp;<strong>Stichting BriBos<\/strong>&nbsp;\u2013&nbsp;maar&nbsp;vooral ook in de huiselijke en gastvrije&nbsp;inloop-\/verwenkamer in het HMC Westeinde Ziekenhuis&nbsp;in Den Haag als centrum voor uiteenlopende activiteiten.<\/p>\n\n\n\n<p>Inmiddels zijn we met de kamer en onze vrijwilligers verhuis naar het HMC Anthoniushove omdat daar de oncologische zorg is ondergebracht.<\/p>\n<\/div>\n\n\n\n<p><\/p>\n","protected":false},"excerpt":{"rendered":"<p>Het ontstaan Het ontstaan van&nbsp;BriBos Verwentasjes De&nbsp;Stichting BriBos&nbsp;is een initiatief van Brigitte Bosman. In 2003 werd er bij haar, na een hartinfarct, ontdekt dat ze longkanker (klein-cellig) had.De prognose was [&hellip;]<\/p>\n","protected":false},"author":3,"featured_media":0,"parent":0,"menu_order":0,"comment_status":"closed","ping_status":"closed","template":"","meta":{"_uag_custom_page_level_css":"","site-sidebar-layout":"default","site-content-layout":"","ast-site-content-layout":"default","site-content-style":"default","site-sidebar-style":"default","ast-global-header-display":"","ast-banner-title-visibility":"","ast-main-header-display":"","ast-hfb-above-header-display":"","ast-hfb-below-header-display":"","ast-hfb-mobile-header-display":"","site-post-title":"disabled","ast-breadcrumbs-content":"","ast-featured-img":"","footer-sml-layout":"","ast-disable-related-posts":"","theme-transparent-header-meta":"","adv-header-id-meta":"","stick-header-meta":"","header-above-stick-meta":"","header-main-stick-meta":"","header-below-stick-meta":"","astra-migrate-meta-layouts":"set","ast-page-background-enabled":"default","ast-page-background-meta":{"desktop":{"background-color":"var(--ast-global-color-4)","background-image":"","background-repeat":"repeat","background-position":"center center","background-size":"auto","background-attachment":"scroll","background-type":"","background-media":"","overlay-type":"","overlay-color":"","overlay-opacity":"","overlay-gradient":""},"tablet":{"background-color":"","background-image":"","background-repeat":"repeat","background-position":"center center","background-size":"auto","background-attachment":"scroll","background-type":"","background-media":"","overlay-type":"","overlay-color":"","overlay-opacity":"","overlay-gradient":""},"mobile":{"background-color":"","background-image":"","background-repeat":"repeat","background-position":"center center","background-size":"auto","background-attachment":"scroll","background-type":"","background-media":"","overlay-type":"","overlay-color":"","overlay-opacity":"","overlay-gradient":""}},"ast-content-background-meta":{"desktop":{"background-color":"var(--ast-global-color-5)","background-image":"","background-repeat":"repeat","background-position":"center center","background-size":"auto","background-attachment":"scroll","background-type":"","background-media":"","overlay-type":"","overlay-color":"","overlay-opacity":"","overlay-gradient":""},"tablet":{"background-color":"var(--ast-global-color-5)","background-image":"","background-repeat":"repeat","background-position":"center center","background-size":"auto","background-attachment":"scroll","background-type":"","background-media":"","overlay-type":"","overlay-color":"","overlay-opacity":"","overlay-gradient":""},"mobile":{"background-color":"var(--ast-global-color-5)","background-image":"","background-repeat":"repeat","background-position":"center center","background-size":"auto","background-attachment":"scroll","background-type":"","background-media":"","overlay-type":"","overlay-color":"","overlay-opacity":"","overlay-gradient":""}},"powered_cache_disable_cache":false,"powered_cache_disable_css_optimization":false,"powered_cache_disable_js_optimization":false,"powered_cache_disable_js_defer":false,"powered_cache_disable_js_delay":false,"footnotes":""},"class_list":["post-17435","page","type-page","status-publish","hentry"],"yoast_head":"<!-- This site is optimized with the Yoast SEO plugin v27.4 - https:\/\/yoast.com\/product\/yoast-seo-wordpress\/ -->\n<title>Het ontstaan - Stichting BriBos<\/title>\n<meta name=\"robots\" content=\"index, follow, max-snippet:-1, max-image-preview:large, max-video-preview:-1\" \/>\n<link rel=\"canonical\" href=\"https:\/\/bribos.nl\/nl_nl\/het-ontstaan\/\" \/>\n<meta property=\"og:locale\" content=\"nl_NL\" \/>\n<meta property=\"og:type\" content=\"article\" \/>\n<meta property=\"og:title\" content=\"Het ontstaan - Stichting BriBos\" \/>\n<meta property=\"og:description\" content=\"Het ontstaan Het ontstaan van&nbsp;BriBos Verwentasjes De&nbsp;Stichting BriBos&nbsp;is een initiatief van Brigitte Bosman. In 2003 werd er bij haar, na een hartinfarct, ontdekt dat ze longkanker (klein-cellig) had.De prognose was [&hellip;]\" \/>\n<meta property=\"og:url\" content=\"https:\/\/bribos.nl\/nl_nl\/het-ontstaan\/\" \/>\n<meta property=\"og:site_name\" content=\"Stichting BriBos\" \/>\n<meta property=\"article:publisher\" content=\"https:\/\/www.facebook.com\/bribos.nl\" \/>\n<meta property=\"article:modified_time\" content=\"2025-12-10T21:38:17+00:00\" \/>\n<meta property=\"og:image\" content=\"https:\/\/bribos.nl\/wp-content\/uploads\/2025\/02\/hetontstaan1.webp\" \/>\n\t<meta property=\"og:image:width\" content=\"450\" \/>\n\t<meta property=\"og:image:height\" content=\"600\" \/>\n\t<meta property=\"og:image:type\" content=\"image\/webp\" \/>\n<meta name=\"twitter:card\" content=\"summary_large_image\" \/>\n<meta name=\"twitter:site\" content=\"@verwentasjes\" \/>\n<meta name=\"twitter:label1\" content=\"Geschatte leestijd\" \/>\n\t<meta name=\"twitter:data1\" content=\"3 minuten\" \/>\n<script type=\"application\/ld+json\" class=\"yoast-schema-graph\">{\"@context\":\"https:\\\/\\\/schema.org\",\"@graph\":[{\"@type\":\"WebPage\",\"@id\":\"https:\\\/\\\/bribos.nl\\\/het-ontstaan\\\/\",\"url\":\"https:\\\/\\\/bribos.nl\\\/het-ontstaan\\\/\",\"name\":\"Het ontstaan - Stichting BriBos\",\"isPartOf\":{\"@id\":\"https:\\\/\\\/bribos.nl\\\/#website\"},\"primaryImageOfPage\":{\"@id\":\"https:\\\/\\\/bribos.nl\\\/het-ontstaan\\\/#primaryimage\"},\"image\":{\"@id\":\"https:\\\/\\\/bribos.nl\\\/het-ontstaan\\\/#primaryimage\"},\"thumbnailUrl\":\"https:\\\/\\\/bribos.nl\\\/wp-content\\\/uploads\\\/2025\\\/02\\\/hetontstaan1.webp\",\"datePublished\":\"2025-02-09T10:00:40+00:00\",\"dateModified\":\"2025-12-10T21:38:17+00:00\",\"breadcrumb\":{\"@id\":\"https:\\\/\\\/bribos.nl\\\/het-ontstaan\\\/#breadcrumb\"},\"inLanguage\":\"nl-NL\",\"potentialAction\":[{\"@type\":\"ReadAction\",\"target\":[\"https:\\\/\\\/bribos.nl\\\/het-ontstaan\\\/\"]}]},{\"@type\":\"ImageObject\",\"inLanguage\":\"nl-NL\",\"@id\":\"https:\\\/\\\/bribos.nl\\\/het-ontstaan\\\/#primaryimage\",\"url\":\"https:\\\/\\\/bribos.nl\\\/wp-content\\\/uploads\\\/2025\\\/02\\\/hetontstaan1.webp\",\"contentUrl\":\"https:\\\/\\\/bribos.nl\\\/wp-content\\\/uploads\\\/2025\\\/02\\\/hetontstaan1.webp\"},{\"@type\":\"BreadcrumbList\",\"@id\":\"https:\\\/\\\/bribos.nl\\\/het-ontstaan\\\/#breadcrumb\",\"itemListElement\":[{\"@type\":\"ListItem\",\"position\":1,\"name\":\"Home\",\"item\":\"https:\\\/\\\/bribos.nl\\\/\"},{\"@type\":\"ListItem\",\"position\":2,\"name\":\"Het ontstaan\"}]},{\"@type\":\"WebSite\",\"@id\":\"https:\\\/\\\/bribos.nl\\\/#website\",\"url\":\"https:\\\/\\\/bribos.nl\\\/\",\"name\":\"Stichting BriBos\",\"description\":\"\",\"publisher\":{\"@id\":\"https:\\\/\\\/bribos.nl\\\/#organization\"},\"potentialAction\":[{\"@type\":\"SearchAction\",\"target\":{\"@type\":\"EntryPoint\",\"urlTemplate\":\"https:\\\/\\\/bribos.nl\\\/?s={search_term_string}\"},\"query-input\":{\"@type\":\"PropertyValueSpecification\",\"valueRequired\":true,\"valueName\":\"search_term_string\"}}],\"inLanguage\":\"nl-NL\"},{\"@type\":\"Organization\",\"@id\":\"https:\\\/\\\/bribos.nl\\\/#organization\",\"name\":\"Stichting BriBos\",\"url\":\"https:\\\/\\\/bribos.nl\\\/\",\"logo\":{\"@type\":\"ImageObject\",\"inLanguage\":\"nl-NL\",\"@id\":\"https:\\\/\\\/bribos.nl\\\/#\\\/schema\\\/logo\\\/image\\\/\",\"url\":\"https:\\\/\\\/bribos.nl\\\/wp-content\\\/uploads\\\/2025\\\/01\\\/logoBribos.webp\",\"contentUrl\":\"https:\\\/\\\/bribos.nl\\\/wp-content\\\/uploads\\\/2025\\\/01\\\/logoBribos.webp\",\"width\":300,\"height\":128,\"caption\":\"Stichting BriBos\"},\"image\":{\"@id\":\"https:\\\/\\\/bribos.nl\\\/#\\\/schema\\\/logo\\\/image\\\/\"},\"sameAs\":[\"https:\\\/\\\/www.facebook.com\\\/bribos.nl\",\"https:\\\/\\\/x.com\\\/verwentasjes\",\"https:\\\/\\\/www.youtube.com\\\/channel\\\/UCv_PPzek2rtn7X_YseXxxyA\"]}]}<\/script>\n<!-- \/ Yoast SEO plugin. -->","yoast_head_json":{"title":"Het ontstaan - Stichting BriBos","robots":{"index":"index","follow":"follow","max-snippet":"max-snippet:-1","max-image-preview":"max-image-preview:large","max-video-preview":"max-video-preview:-1"},"canonical":"https:\/\/bribos.nl\/nl_nl\/het-ontstaan\/","og_locale":"nl_NL","og_type":"article","og_title":"Het ontstaan - Stichting BriBos","og_description":"Het ontstaan Het ontstaan van&nbsp;BriBos Verwentasjes De&nbsp;Stichting BriBos&nbsp;is een initiatief van Brigitte Bosman. In 2003 werd er bij haar, na een hartinfarct, ontdekt dat ze longkanker (klein-cellig) had.De prognose was [&hellip;]","og_url":"https:\/\/bribos.nl\/nl_nl\/het-ontstaan\/","og_site_name":"Stichting BriBos","article_publisher":"https:\/\/www.facebook.com\/bribos.nl","article_modified_time":"2025-12-10T21:38:17+00:00","og_image":[{"width":450,"height":600,"url":"https:\/\/bribos.nl\/wp-content\/uploads\/2025\/02\/hetontstaan1.webp","type":"image\/webp"}],"twitter_card":"summary_large_image","twitter_site":"@verwentasjes","twitter_misc":{"Geschatte leestijd":"3 minuten"},"schema":{"@context":"https:\/\/schema.org","@graph":[{"@type":"WebPage","@id":"https:\/\/bribos.nl\/het-ontstaan\/","url":"https:\/\/bribos.nl\/het-ontstaan\/","name":"Het ontstaan - Stichting BriBos","isPartOf":{"@id":"https:\/\/bribos.nl\/#website"},"primaryImageOfPage":{"@id":"https:\/\/bribos.nl\/het-ontstaan\/#primaryimage"},"image":{"@id":"https:\/\/bribos.nl\/het-ontstaan\/#primaryimage"},"thumbnailUrl":"https:\/\/bribos.nl\/wp-content\/uploads\/2025\/02\/hetontstaan1.webp","datePublished":"2025-02-09T10:00:40+00:00","dateModified":"2025-12-10T21:38:17+00:00","breadcrumb":{"@id":"https:\/\/bribos.nl\/het-ontstaan\/#breadcrumb"},"inLanguage":"nl-NL","potentialAction":[{"@type":"ReadAction","target":["https:\/\/bribos.nl\/het-ontstaan\/"]}]},{"@type":"ImageObject","inLanguage":"nl-NL","@id":"https:\/\/bribos.nl\/het-ontstaan\/#primaryimage","url":"https:\/\/bribos.nl\/wp-content\/uploads\/2025\/02\/hetontstaan1.webp","contentUrl":"https:\/\/bribos.nl\/wp-content\/uploads\/2025\/02\/hetontstaan1.webp"},{"@type":"BreadcrumbList","@id":"https:\/\/bribos.nl\/het-ontstaan\/#breadcrumb","itemListElement":[{"@type":"ListItem","position":1,"name":"Home","item":"https:\/\/bribos.nl\/"},{"@type":"ListItem","position":2,"name":"Het ontstaan"}]},{"@type":"WebSite","@id":"https:\/\/bribos.nl\/#website","url":"https:\/\/bribos.nl\/","name":"Stichting BriBos","description":"","publisher":{"@id":"https:\/\/bribos.nl\/#organization"},"potentialAction":[{"@type":"SearchAction","target":{"@type":"EntryPoint","urlTemplate":"https:\/\/bribos.nl\/?s={search_term_string}"},"query-input":{"@type":"PropertyValueSpecification","valueRequired":true,"valueName":"search_term_string"}}],"inLanguage":"nl-NL"},{"@type":"Organization","@id":"https:\/\/bribos.nl\/#organization","name":"Stichting BriBos","url":"https:\/\/bribos.nl\/","logo":{"@type":"ImageObject","inLanguage":"nl-NL","@id":"https:\/\/bribos.nl\/#\/schema\/logo\/image\/","url":"https:\/\/bribos.nl\/wp-content\/uploads\/2025\/01\/logoBribos.webp","contentUrl":"https:\/\/bribos.nl\/wp-content\/uploads\/2025\/01\/logoBribos.webp","width":300,"height":128,"caption":"Stichting BriBos"},"image":{"@id":"https:\/\/bribos.nl\/#\/schema\/logo\/image\/"},"sameAs":["https:\/\/www.facebook.com\/bribos.nl","https:\/\/x.com\/verwentasjes","https:\/\/www.youtube.com\/channel\/UCv_PPzek2rtn7X_YseXxxyA"]}]}},"uagb_featured_image_src":{"full":false,"thumbnail":false,"medium":false,"medium_large":false,"large":false,"1536x1536":false,"2048x2048":false,"trp-custom-language-flag":false,"woocommerce_thumbnail":false,"woocommerce_single":false,"woocommerce_gallery_thumbnail":false},"uagb_author_info":{"display_name":"Danny_CC","author_link":"https:\/\/bribos.nl\/nl_nl\/author\/danny_cc\/"},"uagb_comment_info":0,"uagb_excerpt":"Het ontstaan Het ontstaan van&nbsp;BriBos Verwentasjes De&nbsp;Stichting BriBos&nbsp;is een initiatief van Brigitte Bosman. In 2003 werd er bij haar, na een hartinfarct, ontdekt dat ze longkanker (klein-cellig) had.De prognose was [&hellip;]","jetpack_sharing_enabled":true,"_links":{"self":[{"href":"https:\/\/bribos.nl\/nl_nl\/wp-json\/wp\/v2\/pages\/17435","targetHints":{"allow":["GET"]}}],"collection":[{"href":"https:\/\/bribos.nl\/nl_nl\/wp-json\/wp\/v2\/pages"}],"about":[{"href":"https:\/\/bribos.nl\/nl_nl\/wp-json\/wp\/v2\/types\/page"}],"author":[{"embeddable":true,"href":"https:\/\/bribos.nl\/nl_nl\/wp-json\/wp\/v2\/users\/3"}],"replies":[{"embeddable":true,"href":"https:\/\/bribos.nl\/nl_nl\/wp-json\/wp\/v2\/comments?post=17435"}],"version-history":[{"count":1,"href":"https:\/\/bribos.nl\/nl_nl\/wp-json\/wp\/v2\/pages\/17435\/revisions"}],"predecessor-version":[{"id":18187,"href":"https:\/\/bribos.nl\/nl_nl\/wp-json\/wp\/v2\/pages\/17435\/revisions\/18187"}],"wp:attachment":[{"href":"https:\/\/bribos.nl\/nl_nl\/wp-json\/wp\/v2\/media?parent=17435"}],"curies":[{"name":"wp","href":"https:\/\/api.w.org\/{rel}","templated":true}]}}